{"id":1784,"date":"2024-11-01T10:00:04","date_gmt":"2024-11-01T10:00:04","guid":{"rendered":"https:\/\/expoflora.fr\/?page_id=1784"},"modified":"2025-02-24T16:35:53","modified_gmt":"2025-02-24T16:35:53","slug":"expo-flora-accueil","status":"publish","type":"page","link":"https:\/\/expoflora.fr\/en\/","title":{"rendered":"EXPO FLORA &#8211; Accueil"},"content":{"rendered":"<div data-elementor-type=\"wp-page\" data-elementor-id=\"1784\" class=\"elementor elementor-1784\" data-elementor-post-type=\"page\">\n\t\t\t\t<div class=\"elementor-element elementor-element-a6187cb e-con-full pageHead e-flex e-con e-parent\" data-id=\"a6187cb\" data-element_type=\"container\" data-settings=\"{&quot;background_background&quot;:&quot;classic&quot;}\">\n\t\t<div class=\"elementor-element elementor-element-9abf8e5 e-con-full e-flex e-con e-child\" data-id=\"9abf8e5\" data-element_type=\"container\">\n\t\t\t\t<div class=\"elementor-element elementor-element-1102525 elementor-widget elementor-widget-image\" data-id=\"1102525\" data-element_type=\"widget\" data-widget_type=\"image.default\">\n\t\t\t\t<div class=\"elementor-widget-container\">\n\t\t\t\t\t\t\t\t\t\t\t\t\t\t\t\t<a href=\"#elementor-action%3Aaction%3Dpopup%3Aopen%26settings%3DeyJpZCI6IjE2MDIiLCJ0b2dnbGUiOmZhbHNlfQ%3D%3D\">\n\t\t\t\t\t\t\t<img decoding=\"async\" width=\"39\" height=\"28\" src=\"https:\/\/expoflora.fr\/wp-content\/uploads\/2024\/10\/menu-toggle.png\" class=\"attachment-full size-full wp-image-1608\" alt=\"\" \/>\t\t\t\t\t\t\t\t<\/a>\n\t\t\t\t\t\t\t\t\t\t\t\t\t\t\t<\/div>\n\t\t\t\t<\/div>\n\t\t\t\t<\/div>\n\t\t<div class=\"elementor-element elementor-element-6d5cc5c e-con-full e-flex e-con e-child\" data-id=\"6d5cc5c\" data-element_type=\"container\">\n\t\t\t\t<div class=\"elementor-element elementor-element-cb61fb6 elementor-widget elementor-widget-image\" data-id=\"cb61fb6\" data-element_type=\"widget\" data-widget_type=\"image.default\">\n\t\t\t\t<div class=\"elementor-widget-container\">\n\t\t\t\t\t\t\t\t\t\t\t\t\t\t\t\t<a href=\"https:\/\/expoflora.fr\/en\">\n\t\t\t\t\t\t\t<img decoding=\"async\" width=\"224\" height=\"160\" src=\"https:\/\/expoflora.fr\/wp-content\/uploads\/2024\/10\/hero01logo.png\" class=\"attachment-full size-full wp-image-1252\" alt=\"\" \/>\t\t\t\t\t\t\t\t<\/a>\n\t\t\t\t\t\t\t\t\t\t\t\t\t\t\t<\/div>\n\t\t\t\t<\/div>\n\t\t\t\t<\/div>\n\t\t<div class=\"elementor-element elementor-element-2aeda1a e-con-full e-flex e-con e-child\" data-id=\"2aeda1a\" data-element_type=\"container\">\n\t\t\t\t<div class=\"elementor-element elementor-element-6b5582c elementor-nav-menu--dropdown-none elementor-hidden-mobile elementor-widget elementor-widget-nav-menu\" data-id=\"6b5582c\" data-element_type=\"widget\" data-settings=\"{&quot;layout&quot;:&quot;horizontal&quot;,&quot;submenu_icon&quot;:{&quot;value&quot;:&quot;&lt;svg aria-hidden=\\&quot;true\\&quot; class=\\&quot;e-font-icon-svg e-fas-caret-down\\&quot; viewBox=\\&quot;0 0 320 512\\&quot; xmlns=\\&quot;http:\\\/\\\/www.w3.org\\\/2000\\\/svg\\&quot;&gt;&lt;path d=\\&quot;M31.3 192h257.3c17.8 0 26.7 21.5 14.1 34.1L174.1 354.8c-7.8 7.8-20.5 7.8-28.3 0L17.2 226.1C4.6 213.5 13.5 192 31.3 192z\\&quot;&gt;&lt;\\\/path&gt;&lt;\\\/svg&gt;&quot;,&quot;library&quot;:&quot;fa-solid&quot;}}\" data-widget_type=\"nav-menu.default\">\n\t\t\t\t<div class=\"elementor-widget-container\">\n\t\t\t\t\t\t\t\t<nav aria-label=\"Menu\" class=\"elementor-nav-menu--main elementor-nav-menu__container elementor-nav-menu--layout-horizontal e--pointer-none\">\n\t\t\t\t<ul id=\"menu-1-6b5582c\" class=\"elementor-nav-menu\"><li class=\"trp-language-switcher-container menu-item menu-item-type-post_type menu-item-object-language_switcher current-language-menu-item menu-item-2388\"><a href=\"https:\/\/expoflora.fr\/en\/wp-json\/wp\/v2\/pages\/1784\" class=\"elementor-item elementor-item-anchor\"><span data-no-translation><span class=\"trp-ls-language-name\">FR<\/span><\/span><\/a><\/li>\n<li class=\"trp-language-switcher-container menu-item menu-item-type-post_type menu-item-object-language_switcher current-language-menu-item menu-item-2387\"><a href=\"https:\/\/expoflora.fr\/en\/wp-json\/wp\/v2\/pages\/1784\" class=\"elementor-item elementor-item-anchor\"><span data-no-translation><span class=\"trp-ls-language-name\">EN<\/span><\/span><\/a><\/li>\n<\/ul>\t\t\t<\/nav>\n\t\t\t\t\t\t<nav class=\"elementor-nav-menu--dropdown elementor-nav-menu__container\" aria-hidden=\"true\">\n\t\t\t\t<ul id=\"menu-2-6b5582c\" class=\"elementor-nav-menu\"><li class=\"trp-language-switcher-container menu-item menu-item-type-post_type menu-item-object-language_switcher current-language-menu-item menu-item-2388\"><a href=\"https:\/\/expoflora.fr\/en\/wp-json\/wp\/v2\/pages\/1784\" class=\"elementor-item elementor-item-anchor\" tabindex=\"-1\"><span data-no-translation><span class=\"trp-ls-language-name\">FR<\/span><\/span><\/a><\/li>\n<li class=\"trp-language-switcher-container menu-item menu-item-type-post_type menu-item-object-language_switcher current-language-menu-item menu-item-2387\"><a href=\"https:\/\/expoflora.fr\/en\/wp-json\/wp\/v2\/pages\/1784\" class=\"elementor-item elementor-item-anchor\" tabindex=\"-1\"><span data-no-translation><span class=\"trp-ls-language-name\">EN<\/span><\/span><\/a><\/li>\n<\/ul>\t\t\t<\/nav>\n\t\t\t\t\t\t<\/div>\n\t\t\t\t<\/div>\n\t\t\t\t<\/div>\n\t\t\t\t<\/div>\n\t\t<div class=\"elementor-element elementor-element-3ec21a3 e-con-full bannerhero e-flex e-con e-parent\" data-id=\"3ec21a3\" data-element_type=\"container\">\n\t\t<a class=\"elementor-element elementor-element-b996bb0 e-con-full animated-slow e-flex elementor-invisible e-con e-child\" data-id=\"b996bb0\" data-element_type=\"container\" data-settings=\"{&quot;background_background&quot;:&quot;classic&quot;,&quot;animation&quot;:&quot;fadeInDown&quot;}\" href=\"https:\/\/expoflora.fr\/en\/expoflora-organisation-de-salon\/\">\n\t\t\t\t<div class=\"elementor-element elementor-element-1bdb130 animated-slow elementor-invisible elementor-widget elementor-widget-heading\" data-id=\"1bdb130\" data-element_type=\"widget\" data-settings=\"{&quot;_animation&quot;:&quot;fadeInUp&quot;,&quot;_animation_delay&quot;:200}\" data-widget_type=\"heading.default\">\n\t\t\t\t<div class=\"elementor-widget-container\">\n\t\t\t\t\t<h3 class=\"elementor-heading-title elementor-size-default translation-block\">TRADE FAIR <br>ORGANISATION<\/h3>\t\t\t\t<\/div>\n\t\t\t\t<\/div>\n\t\t\t\t<\/a>\n\t\t<a class=\"elementor-element elementor-element-b206cc3 e-con-full animated-slow e-flex elementor-invisible e-con e-child\" data-id=\"b206cc3\" data-element_type=\"container\" data-settings=\"{&quot;background_background&quot;:&quot;classic&quot;,&quot;animation&quot;:&quot;fadeInDown&quot;,&quot;animation_delay&quot;:200}\" href=\"https:\/\/expoflora.fr\/en\/expoflora-decorateur-de-stand\/\">\n\t\t\t\t<div class=\"elementor-element elementor-element-cd06f82 animated-slow elementor-invisible elementor-widget elementor-widget-heading\" data-id=\"cd06f82\" data-element_type=\"widget\" data-settings=\"{&quot;_animation&quot;:&quot;fadeInUp&quot;,&quot;_animation_delay&quot;:200}\" data-widget_type=\"heading.default\">\n\t\t\t\t<div class=\"elementor-widget-container\">\n\t\t\t\t\t<h3 class=\"elementor-heading-title elementor-size-default translation-block\">STAND<br>DECORATOR<\/h3>\t\t\t\t<\/div>\n\t\t\t\t<\/div>\n\t\t\t\t<\/a>\n\t\t<a class=\"elementor-element elementor-element-004aa93 e-con-full animated-slow e-flex elementor-invisible e-con e-child\" data-id=\"004aa93\" data-element_type=\"container\" data-settings=\"{&quot;background_background&quot;:&quot;classic&quot;,&quot;animation&quot;:&quot;fadeInDown&quot;,&quot;animation_delay&quot;:400}\" href=\"https:\/\/expoflora.fr\/en\/expoflora-exposants\/\">\n\t\t\t\t<div class=\"elementor-element elementor-element-59dea7a animated-slow elementor-invisible elementor-widget elementor-widget-heading\" data-id=\"59dea7a\" data-element_type=\"widget\" data-settings=\"{&quot;_animation&quot;:&quot;fadeInUp&quot;,&quot;_animation_delay&quot;:200}\" data-widget_type=\"heading.default\">\n\t\t\t\t<div class=\"elementor-widget-container\">\n\t\t\t\t\t<h3 class=\"elementor-heading-title elementor-size-default\">EXHIBITORS<\/h3>\t\t\t\t<\/div>\n\t\t\t\t<\/div>\n\t\t\t\t<\/a>\n\t\t\t\t<\/div>\n\t\t\t\t<\/div>","protected":false},"excerpt":{"rendered":"<p>ORGANISATION DE SALON D\u00c9CORATEUR DE STAND EXPOSANTS<\/p>","protected":false},"author":1,"featured_media":0,"parent":0,"menu_order":0,"comment_status":"closed","ping_status":"closed","template":"elementor_header_footer","meta":{"footnotes":""},"class_list":["post-1784","page","type-page","status-publish","hentry"],"yoast_head":"<!-- This site is optimized with the Yoast SEO plugin v26.6 - https:\/\/yoast.com\/wordpress\/plugins\/seo\/ -->\n<title>EXPO FLORA M\u00e9diterran\u00e9e - D\u00e9coration florale pour congr\u00e8s et salons professionnels<\/title>\n<meta name=\"description\" content=\"Expo Flora M\u00e9diterran\u00e9e, expert en d\u00e9coration de stands, cr\u00e9e des compositions florales sur mesure pour embellir et structurer vos espaces d&#039;exposition. Sublimez votre visibilit\u00e9 lors des salons avec nos solutions personnalis\u00e9es.\" \/>\n<meta name=\"robots\" content=\"index, follow, max-snippet:-1, max-image-preview:large, max-video-preview:-1\" \/>\n<link rel=\"canonical\" href=\"https:\/\/expoflora.fr\/en\/\" \/>\n<meta property=\"og:locale\" content=\"en_GB\" \/>\n<meta property=\"og:type\" content=\"article\" \/>\n<meta property=\"og:title\" content=\"EXPO FLORA M\u00e9diterran\u00e9e - D\u00e9coration florale pour congr\u00e8s et salons professionnels\" \/>\n<meta property=\"og:description\" content=\"Expo Flora M\u00e9diterran\u00e9e, expert en d\u00e9coration de stands, cr\u00e9e des compositions florales sur mesure pour embellir et structurer vos espaces d&#039;exposition. Sublimez votre visibilit\u00e9 lors des salons avec nos solutions personnalis\u00e9es.\" \/>\n<meta property=\"og:url\" content=\"https:\/\/expoflora.fr\/en\/\" \/>\n<meta property=\"og:site_name\" content=\"EXPO FLORA M\u00e9diterran\u00e9e\" \/>\n<meta property=\"article:modified_time\" content=\"2025-02-24T16:35:53+00:00\" \/>\n<meta property=\"og:image\" content=\"https:\/\/expoflora.fr\/wp-content\/uploads\/2024\/10\/menu-toggle.png\" \/>\n\t<meta property=\"og:image:width\" content=\"39\" \/>\n\t<meta property=\"og:image:height\" content=\"28\" \/>\n\t<meta property=\"og:image:type\" content=\"image\/png\" \/>\n<meta name=\"twitter:card\" content=\"summary_large_image\" \/>\n<meta name=\"twitter:label1\" content=\"Estimated reading time\" \/>\n\t<meta name=\"twitter:data1\" content=\"1 minute\" \/>\n<script type=\"application\/ld+json\" class=\"yoast-schema-graph\">{\"@context\":\"https:\/\/schema.org\",\"@graph\":[{\"@type\":\"WebPage\",\"@id\":\"https:\/\/expoflora.fr\/\",\"url\":\"https:\/\/expoflora.fr\/\",\"name\":\"EXPO FLORA M\u00e9diterran\u00e9e - D\u00e9coration florale pour congr\u00e8s et salons professionnels\",\"isPartOf\":{\"@id\":\"https:\/\/expoflora.fr\/#website\"},\"primaryImageOfPage\":{\"@id\":\"https:\/\/expoflora.fr\/#primaryimage\"},\"image\":{\"@id\":\"https:\/\/expoflora.fr\/#primaryimage\"},\"thumbnailUrl\":\"https:\/\/expoflora.fr\/wp-content\/uploads\/2024\/10\/menu-toggle.png\",\"datePublished\":\"2024-11-01T10:00:04+00:00\",\"dateModified\":\"2025-02-24T16:35:53+00:00\",\"description\":\"Expo Flora M\u00e9diterran\u00e9e, expert en d\u00e9coration de stands, cr\u00e9e des compositions florales sur mesure pour embellir et structurer vos espaces d'exposition. Sublimez votre visibilit\u00e9 lors des salons avec nos solutions personnalis\u00e9es.\",\"breadcrumb\":{\"@id\":\"https:\/\/expoflora.fr\/#breadcrumb\"},\"inLanguage\":\"en-GB\",\"potentialAction\":[{\"@type\":\"ReadAction\",\"target\":[\"https:\/\/expoflora.fr\/\"]}]},{\"@type\":\"ImageObject\",\"inLanguage\":\"en-GB\",\"@id\":\"https:\/\/expoflora.fr\/#primaryimage\",\"url\":\"https:\/\/expoflora.fr\/wp-content\/uploads\/2024\/10\/menu-toggle.png\",\"contentUrl\":\"https:\/\/expoflora.fr\/wp-content\/uploads\/2024\/10\/menu-toggle.png\"},{\"@type\":\"BreadcrumbList\",\"@id\":\"https:\/\/expoflora.fr\/#breadcrumb\",\"itemListElement\":[{\"@type\":\"ListItem\",\"position\":1,\"name\":\"Accueil\",\"item\":\"https:\/\/expoflora.fr\/\"},{\"@type\":\"ListItem\",\"position\":2,\"name\":\"EXPO FLORA &#8211; Accueil\"}]},{\"@type\":\"WebSite\",\"@id\":\"https:\/\/expoflora.fr\/#website\",\"url\":\"https:\/\/expoflora.fr\/\",\"name\":\"EXPO FLORA M\u00e9diterran\u00e9e\",\"description\":\"Une soci\u00e9t\u00e9 du GROUPE GARDEN\",\"potentialAction\":[{\"@type\":\"SearchAction\",\"target\":{\"@type\":\"EntryPoint\",\"urlTemplate\":\"https:\/\/expoflora.fr\/?s={search_term_string}\"},\"query-input\":{\"@type\":\"PropertyValueSpecification\",\"valueRequired\":true,\"valueName\":\"search_term_string\"}}],\"inLanguage\":\"en-GB\"}]}<\/script>\n<!-- \/ Yoast SEO plugin. -->","yoast_head_json":{"title":"EXPO FLORA M\u00e9diterran\u00e9e - D\u00e9coration florale pour congr\u00e8s et salons professionnels","description":"Expo Flora M\u00e9diterran\u00e9e, expert en d\u00e9coration de stands, cr\u00e9e des compositions florales sur mesure pour embellir et structurer vos espaces d'exposition. Sublimez votre visibilit\u00e9 lors des salons avec nos solutions personnalis\u00e9es.","robots":{"index":"index","follow":"follow","max-snippet":"max-snippet:-1","max-image-preview":"max-image-preview:large","max-video-preview":"max-video-preview:-1"},"canonical":"https:\/\/expoflora.fr\/en\/","og_locale":"en_GB","og_type":"article","og_title":"EXPO FLORA M\u00e9diterran\u00e9e - D\u00e9coration florale pour congr\u00e8s et salons professionnels","og_description":"Expo Flora M\u00e9diterran\u00e9e, expert en d\u00e9coration de stands, cr\u00e9e des compositions florales sur mesure pour embellir et structurer vos espaces d'exposition. Sublimez votre visibilit\u00e9 lors des salons avec nos solutions personnalis\u00e9es.","og_url":"https:\/\/expoflora.fr\/en\/","og_site_name":"EXPO FLORA M\u00e9diterran\u00e9e","article_modified_time":"2025-02-24T16:35:53+00:00","og_image":[{"width":39,"height":28,"url":"https:\/\/expoflora.fr\/wp-content\/uploads\/2024\/10\/menu-toggle.png","type":"image\/png"}],"twitter_card":"summary_large_image","twitter_misc":{"Estimated reading time":"1 minute"},"schema":{"@context":"https:\/\/schema.org","@graph":[{"@type":"WebPage","@id":"https:\/\/expoflora.fr\/","url":"https:\/\/expoflora.fr\/","name":"EXPO FLORA M\u00e9diterran\u00e9e - D\u00e9coration florale pour congr\u00e8s et salons professionnels","isPartOf":{"@id":"https:\/\/expoflora.fr\/#website"},"primaryImageOfPage":{"@id":"https:\/\/expoflora.fr\/#primaryimage"},"image":{"@id":"https:\/\/expoflora.fr\/#primaryimage"},"thumbnailUrl":"https:\/\/expoflora.fr\/wp-content\/uploads\/2024\/10\/menu-toggle.png","datePublished":"2024-11-01T10:00:04+00:00","dateModified":"2025-02-24T16:35:53+00:00","description":"Expo Flora M\u00e9diterran\u00e9e, expert en d\u00e9coration de stands, cr\u00e9e des compositions florales sur mesure pour embellir et structurer vos espaces d'exposition. Sublimez votre visibilit\u00e9 lors des salons avec nos solutions personnalis\u00e9es.","breadcrumb":{"@id":"https:\/\/expoflora.fr\/#breadcrumb"},"inLanguage":"en-GB","potentialAction":[{"@type":"ReadAction","target":["https:\/\/expoflora.fr\/"]}]},{"@type":"ImageObject","inLanguage":"en-GB","@id":"https:\/\/expoflora.fr\/#primaryimage","url":"https:\/\/expoflora.fr\/wp-content\/uploads\/2024\/10\/menu-toggle.png","contentUrl":"https:\/\/expoflora.fr\/wp-content\/uploads\/2024\/10\/menu-toggle.png"},{"@type":"BreadcrumbList","@id":"https:\/\/expoflora.fr\/#breadcrumb","itemListElement":[{"@type":"ListItem","position":1,"name":"Accueil","item":"https:\/\/expoflora.fr\/"},{"@type":"ListItem","position":2,"name":"EXPO FLORA &#8211; Accueil"}]},{"@type":"WebSite","@id":"https:\/\/expoflora.fr\/#website","url":"https:\/\/expoflora.fr\/","name":"EXPO FLORA M\u00e9diterran\u00e9e","description":"Une soci\u00e9t\u00e9 du GROUPE GARDEN","potentialAction":[{"@type":"SearchAction","target":{"@type":"EntryPoint","urlTemplate":"https:\/\/expoflora.fr\/?s={search_term_string}"},"query-input":{"@type":"PropertyValueSpecification","valueRequired":true,"valueName":"search_term_string"}}],"inLanguage":"en-GB"}]}},"_links":{"self":[{"href":"https:\/\/expoflora.fr\/en\/wp-json\/wp\/v2\/pages\/1784","targetHints":{"allow":["GET"]}}],"collection":[{"href":"https:\/\/expoflora.fr\/en\/wp-json\/wp\/v2\/pages"}],"about":[{"href":"https:\/\/expoflora.fr\/en\/wp-json\/wp\/v2\/types\/page"}],"author":[{"embeddable":true,"href":"https:\/\/expoflora.fr\/en\/wp-json\/wp\/v2\/users\/1"}],"replies":[{"embeddable":true,"href":"https:\/\/expoflora.fr\/en\/wp-json\/wp\/v2\/comments?post=1784"}],"version-history":[{"count":76,"href":"https:\/\/expoflora.fr\/en\/wp-json\/wp\/v2\/pages\/1784\/revisions"}],"predecessor-version":[{"id":2392,"href":"https:\/\/expoflora.fr\/en\/wp-json\/wp\/v2\/pages\/1784\/revisions\/2392"}],"wp:attachment":[{"href":"https:\/\/expoflora.fr\/en\/wp-json\/wp\/v2\/media?parent=1784"}],"curies":[{"name":"wp","href":"https:\/\/api.w.org\/{rel}","templated":true}]}}